{"id":30,"date":"2025-05-21T16:01:09","date_gmt":"2025-05-21T15:01:09","guid":{"rendered":"https:\/\/lglabogados.com\/?page_id=30"},"modified":"2025-06-18T19:12:10","modified_gmt":"2025-06-18T17:12:10","slug":"servicios","status":"publish","type":"page","link":"https:\/\/lglabogados.com\/index.php\/servicios\/","title":{"rendered":"Servicios"},"content":{"rendered":"\t\t<div data-elementor-type=\"wp-page\" data-elementor-id=\"30\" class=\"elementor elementor-30\">\n\t\t\t\t<div class=\"elementor-element elementor-element-f402f49 e-flex e-con-boxed e-con e-parent\" data-id=\"f402f49\" data-element_type=\"container\" data-settings=\"{&quot;background_background&quot;:&quot;classic&quot;}\">\n\t\t\t\t\t<div class=\"e-con-inner\">\n\t\t\t\t<div class=\"elementor-element elementor-element-197a60a elementor-widget elementor-widget-heading\" data-id=\"197a60a\" data-element_type=\"widget\" data-widget_type=\"heading.default\">\n\t\t\t\t<div class=\"elementor-widget-container\">\n\t\t\t\t\t<h2 class=\"elementor-heading-title elementor-size-default\">Servicios<\/h2>\t\t\t\t<\/div>\n\t\t\t\t<\/div>\n\t\t\t\t\t<\/div>\n\t\t\t\t<\/div>\n\t\t<div class=\"elementor-element elementor-element-ac9376a e-grid e-con-boxed e-con e-parent\" data-id=\"ac9376a\" data-element_type=\"container\">\n\t\t\t\t\t<div class=\"e-con-inner\">\n\t\t\t\t<div class=\"elementor-element elementor-element-3dd2a55 elementor-widget elementor-widget-heading\" data-id=\"3dd2a55\" data-element_type=\"widget\" data-widget_type=\"heading.default\">\n\t\t\t\t<div class=\"elementor-widget-container\">\n\t\t\t\t\t<h2 class=\"elementor-heading-title elementor-size-default\">Derecho laboral<\/h2>\t\t\t\t<\/div>\n\t\t\t\t<\/div>\n\t\t\t\t<div class=\"elementor-element elementor-element-299fcc5 elementor-widget elementor-widget-text-editor\" data-id=\"299fcc5\" data-element_type=\"widget\" data-widget_type=\"text-editor.default\">\n\t\t\t\t<div class=\"elementor-widget-container\">\n\t\t\t\t\t\t\t\t\t<p>El derecho laboral es una de las \u00e1reas m\u00e1s importantes del derecho, ya que se encarga de regular las relaciones entre empleadores y empleados.<\/p><p>En nuestro despacho, contamos con abogados especializados en derecho laboral que ofrecen asesoramiento y representaci\u00f3n a empresas y trabajadores en temas como contratos de trabajo, conflictos laborales, indemnizaciones, y cumplimiento de normativas laborales.<\/p><p>Nuestro objetivo es garantizar que los derechos de todos los involucrados sean respetados y protegidos, brindando soluciones efectivas y personalizadas a cada caso.<\/p>\t\t\t\t\t\t\t\t<\/div>\n\t\t\t\t<\/div>\n\t\t\t\t\t<\/div>\n\t\t\t\t<\/div>\n\t\t<div class=\"elementor-element elementor-element-24a7b63 e-grid e-con-boxed e-con e-parent\" data-id=\"24a7b63\" data-element_type=\"container\" data-settings=\"{&quot;background_background&quot;:&quot;classic&quot;}\">\n\t\t\t\t\t<div class=\"e-con-inner\">\n\t\t\t\t<div class=\"elementor-element elementor-element-61683cd elementor-widget elementor-widget-heading\" data-id=\"61683cd\" data-element_type=\"widget\" data-widget_type=\"heading.default\">\n\t\t\t\t<div class=\"elementor-widget-container\">\n\t\t\t\t\t<h2 class=\"elementor-heading-title elementor-size-default\">Derecho de familia<\/h2>\t\t\t\t<\/div>\n\t\t\t\t<\/div>\n\t\t\t\t<div class=\"elementor-element elementor-element-5cca3e4 elementor-widget elementor-widget-text-editor\" data-id=\"5cca3e4\" data-element_type=\"widget\" data-widget_type=\"text-editor.default\">\n\t\t\t\t<div class=\"elementor-widget-container\">\n\t\t\t\t\t\t\t\t\t<p class=\"svelte-1sntxl4\"><span class=\"svelte-1sntxl4\">El derecho de familia es una rama del derecho privado que regula las relaciones personales y patrimoniales entre las personas vinculadas por el matrimonio, la convivencia, la filiaci\u00f3n o la adopci\u00f3n. Esta especialidad tiene como finalidad garantizar la protecci\u00f3n jur\u00eddica de la familia en sus distintas formas, promoviendo el inter\u00e9s superior de los menores, la igualdad entre los miembros de la familia y el cumplimiento de los deberes rec\u00edprocos.<\/span><\/p><p class=\"svelte-1sntxl4\"><span class=\"svelte-1sntxl4\">Se encarga de aspectos legales como:<\/span><\/p><p class=\"svelte-1sntxl4\" style=\"padding-left: 40px;\"><span class=\"svelte-1sntxl4\">Matrimonio y uniones convivenciales.<br \/><\/span><span class=\"svelte-1sntxl4\"><br \/>Divorcio y separaci\u00f3n<\/span><\/p><p class=\"svelte-1sntxl4\" style=\"padding-left: 40px;\"><span class=\"svelte-1sntxl4\">Filiaci\u00f3n y adopci\u00f3n<\/span><\/p><p class=\"svelte-1sntxl4\" style=\"padding-left: 40px;\"><span class=\"svelte-1sntxl4\">Custodia, r\u00e9gimen de visitas y patria potestad<\/span><\/p><p class=\"svelte-1sntxl4\" style=\"padding-left: 40px;\"><span class=\"svelte-1sntxl4\">Pensi\u00f3n alimenticia<\/span><\/p><p class=\"svelte-1sntxl4\" style=\"padding-left: 40px;\"><span class=\"svelte-1sntxl4\">Violencia intrafamiliar<\/span><\/p><p class=\"svelte-1sntxl4\" style=\"padding-left: 40px;\"><span class=\"svelte-1sntxl4\">Sucesiones intestadas<\/span><\/p><p class=\"svelte-1sntxl4\" style=\"padding-left: 40px;\"><span class=\"svelte-1sntxl4\">Capitulaciones matrimoniales y acuerdos prenupciales<\/span><\/p><p class=\"svelte-1sntxl4\"><span class=\"svelte-1sntxl4\">Dada la sensibilidad de los asuntos que abarca, el derecho de familia requiere un enfoque jur\u00eddico riguroso y a la vez humano, que respete tanto la normativa vigente como las circunstancias personales de cada caso.<\/span><\/p>\t\t\t\t\t\t\t\t<\/div>\n\t\t\t\t<\/div>\n\t\t\t\t\t<\/div>\n\t\t\t\t<\/div>\n\t\t<div class=\"elementor-element elementor-element-02620a0 e-grid e-con-boxed e-con e-parent\" data-id=\"02620a0\" data-element_type=\"container\">\n\t\t\t\t\t<div class=\"e-con-inner\">\n\t\t\t\t<div class=\"elementor-element elementor-element-f510a3d elementor-widget elementor-widget-heading\" data-id=\"f510a3d\" data-element_type=\"widget\" data-widget_type=\"heading.default\">\n\t\t\t\t<div class=\"elementor-widget-container\">\n\t\t\t\t\t<h2 class=\"elementor-heading-title elementor-size-default\">Derecho Civil<\/h2>\t\t\t\t<\/div>\n\t\t\t\t<\/div>\n\t\t\t\t<div class=\"elementor-element elementor-element-f2e1fc3 elementor-widget elementor-widget-text-editor\" data-id=\"f2e1fc3\" data-element_type=\"widget\" data-widget_type=\"text-editor.default\">\n\t\t\t\t<div class=\"elementor-widget-container\">\n\t\t\t\t\t\t\t\t\t<p><span class=\"svelte-1sntxl4\">El derecho civil es una de las ramas m\u00e1s importantes del derecho, ya que\u00a0<\/span><span class=\"qa-highlight svelte-1sntxl4\"><span class=\"svelte-1sntxl4\">regula las relaciones entre particulares, como contratos, propiedad, familia, sucesiones y otras cuestiones relacionadas con la vida cotidiana<\/span><\/span><span class=\"svelte-1sntxl4\">.<\/span><\/p><p><span class=\"svelte-1sntxl4\">En nuestro despacho, contamos con una amplia experiencia en asesorar y representar a nuestros clientes en todos los aspectos relacionados con el derecho civil, garantizando siempre una defensa legal s\u00f3lida y personalizada.<\/span><\/p><p><span class=\"svelte-1sntxl4\">Nuestro objetivo es resolver de manera eficiente y eficaz los conflictos que puedan surgir en este \u00e1mbito, ofreciendo soluciones pr\u00e1cticas y adaptadas a las necesidades de cada cliente.<\/span><\/p>\t\t\t\t\t\t\t\t<\/div>\n\t\t\t\t<\/div>\n\t\t\t\t\t<\/div>\n\t\t\t\t<\/div>\n\t\t<div class=\"elementor-element elementor-element-db26298 e-grid e-con-boxed e-con e-parent\" data-id=\"db26298\" data-element_type=\"container\" data-settings=\"{&quot;background_background&quot;:&quot;classic&quot;}\">\n\t\t\t\t\t<div class=\"e-con-inner\">\n\t\t\t\t<div class=\"elementor-element elementor-element-b8b7f52 elementor-widget elementor-widget-heading\" data-id=\"b8b7f52\" data-element_type=\"widget\" data-widget_type=\"heading.default\">\n\t\t\t\t<div class=\"elementor-widget-container\">\n\t\t\t\t\t<h2 class=\"elementor-heading-title elementor-size-default\">Derecho bancario<\/h2>\t\t\t\t<\/div>\n\t\t\t\t<\/div>\n\t\t\t\t<div class=\"elementor-element elementor-element-a696d72 elementor-widget elementor-widget-text-editor\" data-id=\"a696d72\" data-element_type=\"widget\" data-widget_type=\"text-editor.default\">\n\t\t\t\t<div class=\"elementor-widget-container\">\n\t\t\t\t\t\t\t\t\t<p><span class=\"qa-highlight svelte-1sntxl4\"><span class=\"svelte-1sntxl4\">Ofrecemos asesoramiento y representaci\u00f3n en temas relacionados con las operaciones financieras, normativas y conflictos que surgen en el sector bancario<\/span><\/span><span class=\"svelte-1sntxl4\">.<\/span><\/p><p><span class=\"svelte-1sntxl4\">Este \u00e1rea del derecho abarca desde la regulaci\u00f3n de entidades financieras hasta la resoluci\u00f3n de disputas contractuales, garant\u00edas, cr\u00e9ditos y otros asuntos legales que involucran a bancos y sus clientes.<\/span><\/p><p><span class=\"svelte-1sntxl4\">El derecho bancario tambi\u00e9n se ocupa de la protecci\u00f3n de los derechos de los consumidores en operaciones financieras, as\u00ed como de la cumplimiento de las leyes y regulaciones vigentes en el \u00e1mbito nacional e internacional.<\/span><\/p><p><span class=\"svelte-1sntxl4\">En Espa\u00f1a, este tipo de especialidad es fundamental para garantizar la transparencia, la seguridad y la confianza en las operaciones bancarias, y para resolver cualquier conflicto que pueda surgir entre las partes involucradas.<\/span><\/p>\t\t\t\t\t\t\t\t<\/div>\n\t\t\t\t<\/div>\n\t\t\t\t\t<\/div>\n\t\t\t\t<\/div>\n\t\t<div class=\"elementor-element elementor-element-b67a131 e-grid e-con-boxed e-con e-parent\" data-id=\"b67a131\" data-element_type=\"container\">\n\t\t\t\t\t<div class=\"e-con-inner\">\n\t\t\t\t<div class=\"elementor-element elementor-element-2b01837 elementor-align-center elementor-widget elementor-widget-button\" data-id=\"2b01837\" data-element_type=\"widget\" data-widget_type=\"button.default\">\n\t\t\t\t<div class=\"elementor-widget-container\">\n\t\t\t\t\t\t\t\t\t<div class=\"elementor-button-wrapper\">\n\t\t\t\t\t<a class=\"elementor-button elementor-button-link elementor-size-sm\" href=\"https:\/\/lglabogados.com\/index.php\/contacto\/\">\n\t\t\t\t\t\t<span class=\"elementor-button-content-wrapper\">\n\t\t\t\t\t\t\t\t\t<span class=\"elementor-button-text\">\u00bfTiene alguna duda sobre nuestros servicios?<\/span>\n\t\t\t\t\t<\/span>\n\t\t\t\t\t<\/a>\n\t\t\t\t<\/div>\n\t\t\t\t\t\t\t\t<\/div>\n\t\t\t\t<\/div>\n\t\t\t\t\t<\/div>\n\t\t\t\t<\/div>\n\t\t\t\t<\/div>\n\t\t","protected":false},"excerpt":{"rendered":"<p>Servicios Derecho laboral El derecho laboral es una de las \u00e1reas m\u00e1s importantes del derecho, ya que se encarga de regular las relaciones entre empleadores y empleados. En nuestro despacho, contamos con abogados especializados en derecho laboral que ofrecen asesoramiento y representaci\u00f3n a empresas y trabajadores en temas como contratos de trabajo, conflictos laborales, indemnizaciones, [&hellip;]<\/p>\n","protected":false},"author":1,"featured_media":0,"parent":0,"menu_order":0,"comment_status":"closed","ping_status":"closed","template":"","meta":{"ocean_post_layout":"full-screen","ocean_both_sidebars_style":"","ocean_both_sidebars_content_width":0,"ocean_both_sidebars_sidebars_width":0,"ocean_sidebar":"","ocean_second_sidebar":"","ocean_disable_margins":"on","ocean_add_body_class":"","ocean_shortcode_before_top_bar":"","ocean_shortcode_after_top_bar":"","ocean_shortcode_before_header":"","ocean_shortcode_after_header":"","ocean_has_shortcode":"","ocean_shortcode_after_title":"","ocean_shortcode_before_footer_widgets":"","ocean_shortcode_after_footer_widgets":"","ocean_shortcode_before_footer_bottom":"","ocean_shortcode_after_footer_bottom":"","ocean_display_top_bar":"default","ocean_display_header":"default","ocean_header_style":"","ocean_center_header_left_menu":"","ocean_custom_header_template":"","ocean_custom_logo":0,"ocean_custom_retina_logo":0,"ocean_custom_logo_max_width":0,"ocean_custom_logo_tablet_max_width":0,"ocean_custom_logo_mobile_max_width":0,"ocean_custom_logo_max_height":0,"ocean_custom_logo_tablet_max_height":0,"ocean_custom_logo_mobile_max_height":0,"ocean_header_custom_menu":"","ocean_menu_typo_font_family":"","ocean_menu_typo_font_subset":"","ocean_menu_typo_font_size":0,"ocean_menu_typo_font_size_tablet":0,"ocean_menu_typo_font_size_mobile":0,"ocean_menu_typo_font_size_unit":"px","ocean_menu_typo_font_weight":"","ocean_menu_typo_font_weight_tablet":"","ocean_menu_typo_font_weight_mobile":"","ocean_menu_typo_transform":"","ocean_menu_typo_transform_tablet":"","ocean_menu_typo_transform_mobile":"","ocean_menu_typo_line_height":0,"ocean_menu_typo_line_height_tablet":0,"ocean_menu_typo_line_height_mobile":0,"ocean_menu_typo_line_height_unit":"","ocean_menu_typo_spacing":0,"ocean_menu_typo_spacing_tablet":0,"ocean_menu_typo_spacing_mobile":0,"ocean_menu_typo_spacing_unit":"","ocean_menu_link_color":"","ocean_menu_link_color_hover":"","ocean_menu_link_color_active":"","ocean_menu_link_background":"","ocean_menu_link_hover_background":"","ocean_menu_link_active_background":"","ocean_menu_social_links_bg":"","ocean_menu_social_hover_links_bg":"","ocean_menu_social_links_color":"","ocean_menu_social_hover_links_color":"","ocean_disable_title":"default","ocean_disable_heading":"default","ocean_post_title":"","ocean_post_subheading":"","ocean_post_title_style":"","ocean_post_title_background_color":"","ocean_post_title_background":0,"ocean_post_title_bg_image_position":"","ocean_post_title_bg_image_attachment":"","ocean_post_title_bg_image_repeat":"","ocean_post_title_bg_image_size":"","ocean_post_title_height":0,"ocean_post_title_bg_overlay":0.5,"ocean_post_title_bg_overlay_color":"","ocean_disable_breadcrumbs":"default","ocean_breadcrumbs_color":"","ocean_breadcrumbs_separator_color":"","ocean_breadcrumbs_links_color":"","ocean_breadcrumbs_links_hover_color":"","ocean_display_footer_widgets":"default","ocean_display_footer_bottom":"default","ocean_custom_footer_template":"","footnotes":""},"class_list":["post-30","page","type-page","status-publish","hentry","entry"],"yoast_head":"<!-- This site is optimized with the Yoast SEO plugin v25.3 - https:\/\/yoast.com\/wordpress\/plugins\/seo\/ -->\n<title>Servicios - LGL Abogados \u00b7 Asesores<\/title>\n<meta name=\"robots\" content=\"index, follow, max-snippet:-1, max-image-preview:large, max-video-preview:-1\" \/>\n<link rel=\"canonical\" href=\"https:\/\/lglabogados.com\/index.php\/servicios\/\" \/>\n<meta property=\"og:locale\" content=\"es_ES\" \/>\n<meta property=\"og:type\" content=\"article\" \/>\n<meta property=\"og:title\" content=\"Servicios - LGL Abogados \u00b7 Asesores\" \/>\n<meta property=\"og:description\" content=\"Servicios Derecho laboral El derecho laboral es una de las \u00e1reas m\u00e1s importantes del derecho, ya que se encarga de regular las relaciones entre empleadores y empleados. En nuestro despacho, contamos con abogados especializados en derecho laboral que ofrecen asesoramiento y representaci\u00f3n a empresas y trabajadores en temas como contratos de trabajo, conflictos laborales, indemnizaciones, [&hellip;]\" \/>\n<meta property=\"og:url\" content=\"https:\/\/lglabogados.com\/index.php\/servicios\/\" \/>\n<meta property=\"og:site_name\" content=\"LGL Abogados \u00b7 Asesores\" \/>\n<meta property=\"article:publisher\" content=\"https:\/\/www.facebook.com\/LGL-Abogados-Asesores\" \/>\n<meta property=\"article:modified_time\" content=\"2025-06-18T17:12:10+00:00\" \/>\n<meta name=\"twitter:card\" content=\"summary_large_image\" \/>\n<meta name=\"twitter:site\" content=\"@lgl_abogados\" \/>\n<meta name=\"twitter:label1\" content=\"Tiempo de lectura\" \/>\n\t<meta name=\"twitter:data1\" content=\"3 minutos\" \/>\n<script type=\"application\/ld+json\" class=\"yoast-schema-graph\">{\"@context\":\"https:\/\/schema.org\",\"@graph\":[{\"@type\":\"WebPage\",\"@id\":\"https:\/\/lglabogados.com\/index.php\/servicios\/\",\"url\":\"https:\/\/lglabogados.com\/index.php\/servicios\/\",\"name\":\"Servicios - LGL Abogados \u00b7 Asesores\",\"isPartOf\":{\"@id\":\"https:\/\/lglabogados.com\/#website\"},\"datePublished\":\"2025-05-21T15:01:09+00:00\",\"dateModified\":\"2025-06-18T17:12:10+00:00\",\"breadcrumb\":{\"@id\":\"https:\/\/lglabogados.com\/index.php\/servicios\/#breadcrumb\"},\"inLanguage\":\"es\",\"potentialAction\":[{\"@type\":\"ReadAction\",\"target\":[\"https:\/\/lglabogados.com\/index.php\/servicios\/\"]}]},{\"@type\":\"BreadcrumbList\",\"@id\":\"https:\/\/lglabogados.com\/index.php\/servicios\/#breadcrumb\",\"itemListElement\":[{\"@type\":\"ListItem\",\"position\":1,\"name\":\"Portada\",\"item\":\"https:\/\/lglabogados.com\/\"},{\"@type\":\"ListItem\",\"position\":2,\"name\":\"Servicios\"}]},{\"@type\":\"WebSite\",\"@id\":\"https:\/\/lglabogados.com\/#website\",\"url\":\"https:\/\/lglabogados.com\/\",\"name\":\"LGL Abogados \u00b7 Asesores\",\"description\":\"\",\"publisher\":{\"@id\":\"https:\/\/lglabogados.com\/#organization\"},\"potentialAction\":[{\"@type\":\"SearchAction\",\"target\":{\"@type\":\"EntryPoint\",\"urlTemplate\":\"https:\/\/lglabogados.com\/?s={search_term_string}\"},\"query-input\":{\"@type\":\"PropertyValueSpecification\",\"valueRequired\":true,\"valueName\":\"search_term_string\"}}],\"inLanguage\":\"es\"},{\"@type\":\"Organization\",\"@id\":\"https:\/\/lglabogados.com\/#organization\",\"name\":\"LGL Abogados \u00b7 Asesores\",\"url\":\"https:\/\/lglabogados.com\/\",\"logo\":{\"@type\":\"ImageObject\",\"inLanguage\":\"es\",\"@id\":\"https:\/\/lglabogados.com\/#\/schema\/logo\/image\/\",\"url\":\"https:\/\/lglabogados.com\/wp-content\/uploads\/2025\/06\/cropped-LGLnew_sinfondo-scaled.png\",\"contentUrl\":\"https:\/\/lglabogados.com\/wp-content\/uploads\/2025\/06\/cropped-LGLnew_sinfondo-scaled.png\",\"width\":2560,\"height\":851,\"caption\":\"LGL Abogados \u00b7 Asesores\"},\"image\":{\"@id\":\"https:\/\/lglabogados.com\/#\/schema\/logo\/image\/\"},\"sameAs\":[\"https:\/\/www.facebook.com\/LGL-Abogados-Asesores\",\"https:\/\/x.com\/lgl_abogados\",\"https:\/\/es.linkedin.com\/company\/lgl-abogados-y-asesores\"]}]}<\/script>\n<!-- \/ Yoast SEO plugin. -->","yoast_head_json":{"title":"Servicios - LGL Abogados \u00b7 Asesores","robots":{"index":"index","follow":"follow","max-snippet":"max-snippet:-1","max-image-preview":"max-image-preview:large","max-video-preview":"max-video-preview:-1"},"canonical":"https:\/\/lglabogados.com\/index.php\/servicios\/","og_locale":"es_ES","og_type":"article","og_title":"Servicios - LGL Abogados \u00b7 Asesores","og_description":"Servicios Derecho laboral El derecho laboral es una de las \u00e1reas m\u00e1s importantes del derecho, ya que se encarga de regular las relaciones entre empleadores y empleados. En nuestro despacho, contamos con abogados especializados en derecho laboral que ofrecen asesoramiento y representaci\u00f3n a empresas y trabajadores en temas como contratos de trabajo, conflictos laborales, indemnizaciones, [&hellip;]","og_url":"https:\/\/lglabogados.com\/index.php\/servicios\/","og_site_name":"LGL Abogados \u00b7 Asesores","article_publisher":"https:\/\/www.facebook.com\/LGL-Abogados-Asesores","article_modified_time":"2025-06-18T17:12:10+00:00","twitter_card":"summary_large_image","twitter_site":"@lgl_abogados","twitter_misc":{"Tiempo de lectura":"3 minutos"},"schema":{"@context":"https:\/\/schema.org","@graph":[{"@type":"WebPage","@id":"https:\/\/lglabogados.com\/index.php\/servicios\/","url":"https:\/\/lglabogados.com\/index.php\/servicios\/","name":"Servicios - LGL Abogados \u00b7 Asesores","isPartOf":{"@id":"https:\/\/lglabogados.com\/#website"},"datePublished":"2025-05-21T15:01:09+00:00","dateModified":"2025-06-18T17:12:10+00:00","breadcrumb":{"@id":"https:\/\/lglabogados.com\/index.php\/servicios\/#breadcrumb"},"inLanguage":"es","potentialAction":[{"@type":"ReadAction","target":["https:\/\/lglabogados.com\/index.php\/servicios\/"]}]},{"@type":"BreadcrumbList","@id":"https:\/\/lglabogados.com\/index.php\/servicios\/#breadcrumb","itemListElement":[{"@type":"ListItem","position":1,"name":"Portada","item":"https:\/\/lglabogados.com\/"},{"@type":"ListItem","position":2,"name":"Servicios"}]},{"@type":"WebSite","@id":"https:\/\/lglabogados.com\/#website","url":"https:\/\/lglabogados.com\/","name":"LGL Abogados \u00b7 Asesores","description":"","publisher":{"@id":"https:\/\/lglabogados.com\/#organization"},"potentialAction":[{"@type":"SearchAction","target":{"@type":"EntryPoint","urlTemplate":"https:\/\/lglabogados.com\/?s={search_term_string}"},"query-input":{"@type":"PropertyValueSpecification","valueRequired":true,"valueName":"search_term_string"}}],"inLanguage":"es"},{"@type":"Organization","@id":"https:\/\/lglabogados.com\/#organization","name":"LGL Abogados \u00b7 Asesores","url":"https:\/\/lglabogados.com\/","logo":{"@type":"ImageObject","inLanguage":"es","@id":"https:\/\/lglabogados.com\/#\/schema\/logo\/image\/","url":"https:\/\/lglabogados.com\/wp-content\/uploads\/2025\/06\/cropped-LGLnew_sinfondo-scaled.png","contentUrl":"https:\/\/lglabogados.com\/wp-content\/uploads\/2025\/06\/cropped-LGLnew_sinfondo-scaled.png","width":2560,"height":851,"caption":"LGL Abogados \u00b7 Asesores"},"image":{"@id":"https:\/\/lglabogados.com\/#\/schema\/logo\/image\/"},"sameAs":["https:\/\/www.facebook.com\/LGL-Abogados-Asesores","https:\/\/x.com\/lgl_abogados","https:\/\/es.linkedin.com\/company\/lgl-abogados-y-asesores"]}]}},"_links":{"self":[{"href":"https:\/\/lglabogados.com\/index.php\/wp-json\/wp\/v2\/pages\/30","targetHints":{"allow":["GET"]}}],"collection":[{"href":"https:\/\/lglabogados.com\/index.php\/wp-json\/wp\/v2\/pages"}],"about":[{"href":"https:\/\/lglabogados.com\/index.php\/wp-json\/wp\/v2\/types\/page"}],"author":[{"embeddable":true,"href":"https:\/\/lglabogados.com\/index.php\/wp-json\/wp\/v2\/users\/1"}],"replies":[{"embeddable":true,"href":"https:\/\/lglabogados.com\/index.php\/wp-json\/wp\/v2\/comments?post=30"}],"version-history":[{"count":22,"href":"https:\/\/lglabogados.com\/index.php\/wp-json\/wp\/v2\/pages\/30\/revisions"}],"predecessor-version":[{"id":180,"href":"https:\/\/lglabogados.com\/index.php\/wp-json\/wp\/v2\/pages\/30\/revisions\/180"}],"wp:attachment":[{"href":"https:\/\/lglabogados.com\/index.php\/wp-json\/wp\/v2\/media?parent=30"}],"curies":[{"name":"wp","href":"https:\/\/api.w.org\/{rel}","templated":true}]}}