{"id":34,"date":"2025-05-21T16:02:27","date_gmt":"2025-05-21T15:02:27","guid":{"rendered":"https:\/\/lglabogados.com\/?page_id=34"},"modified":"2025-08-07T10:46:01","modified_gmt":"2025-08-07T08:46:01","slug":"contacto","status":"publish","type":"page","link":"https:\/\/lglabogados.com\/index.php\/contacto\/","title":{"rendered":"Contacto"},"content":{"rendered":"\t\t<div data-elementor-type=\"wp-page\" data-elementor-id=\"34\" class=\"elementor elementor-34\">\n\t\t\t\t<div class=\"elementor-element elementor-element-d2133b3 e-flex e-con-boxed e-con e-parent\" data-id=\"d2133b3\" data-element_type=\"container\" data-settings=\"{&quot;background_background&quot;:&quot;classic&quot;}\">\n\t\t\t\t\t<div class=\"e-con-inner\">\n\t\t\t\t<div class=\"elementor-element elementor-element-22b4bbb elementor-widget elementor-widget-heading\" data-id=\"22b4bbb\" data-element_type=\"widget\" data-widget_type=\"heading.default\">\n\t\t\t\t<div class=\"elementor-widget-container\">\n\t\t\t\t\t<h2 class=\"elementor-heading-title elementor-size-default\">Contacto<\/h2>\t\t\t\t<\/div>\n\t\t\t\t<\/div>\n\t\t\t\t\t<\/div>\n\t\t\t\t<\/div>\n\t\t<div class=\"elementor-element elementor-element-3ae8677 e-con-full e-flex e-con e-parent\" data-id=\"3ae8677\" data-element_type=\"container\">\n\t\t\t\t<div class=\"elementor-element elementor-element-5575e94 elementor-widget elementor-widget-google_maps\" data-id=\"5575e94\" data-element_type=\"widget\" data-widget_type=\"google_maps.default\">\n\t\t\t\t<div class=\"elementor-widget-container\">\n\t\t\t\t\t\t\t<div class=\"elementor-custom-embed\">\n\t\t\t<iframe loading=\"lazy\"\n\t\t\t\t\tsrc=\"https:\/\/maps.google.com\/maps?q=Av.%20Alcalde%20Luis%20Uru%C3%B1uela%2C%206%2C%2041020%20Sevilla&#038;t=m&#038;z=15&#038;output=embed&#038;iwloc=near\"\n\t\t\t\t\ttitle=\"Av. Alcalde Luis Uru\u00f1uela, 6, 41020 Sevilla\"\n\t\t\t\t\taria-label=\"Av. Alcalde Luis Uru\u00f1uela, 6, 41020 Sevilla\"\n\t\t\t><\/iframe>\n\t\t<\/div>\n\t\t\t\t\t\t<\/div>\n\t\t\t\t<\/div>\n\t\t\t\t<\/div>\n\t\t<div class=\"elementor-element elementor-element-da01deb e-grid e-con-boxed e-con e-parent\" data-id=\"da01deb\" data-element_type=\"container\">\n\t\t\t\t\t<div class=\"e-con-inner\">\n\t\t<div class=\"elementor-element elementor-element-562e095 e-con-full e-grid e-con e-child\" data-id=\"562e095\" data-element_type=\"container\">\n\t\t\t\t<div class=\"elementor-element elementor-element-39a3189 elementor-view-default elementor-widget elementor-widget-icon\" data-id=\"39a3189\" data-element_type=\"widget\" data-widget_type=\"icon.default\">\n\t\t\t\t<div class=\"elementor-widget-container\">\n\t\t\t\t\t\t\t<div class=\"elementor-icon-wrapper\">\n\t\t\t<a class=\"elementor-icon elementor-animation-grow\" href=\"https:\/\/wa.me\/+34640235775?\">\n\t\t\t<svg aria-hidden=\"true\" class=\"e-font-icon-svg e-fab-whatsapp\" viewBox=\"0 0 448 512\" xmlns=\"http:\/\/www.w3.org\/2000\/svg\"><path d=\"M380.9 97.1C339 55.1 283.2 32 223.9 32c-122.4 0-222 99.6-222 222 0 39.1 10.2 77.3 29.6 111L0 480l117.7-30.9c32.4 17.7 68.9 27 106.1 27h.1c122.3 0 224.1-99.6 224.1-222 0-59.3-25.2-115-67.1-157zm-157 341.6c-33.2 0-65.7-8.9-94-25.7l-6.7-4-69.8 18.3L72 359.2l-4.4-7c-18.5-29.4-28.2-63.3-28.2-98.2 0-101.7 82.8-184.5 184.6-184.5 49.3 0 95.6 19.2 130.4 54.1 34.8 34.9 56.2 81.2 56.1 130.5 0 101.8-84.9 184.6-186.6 184.6zm101.2-138.2c-5.5-2.8-32.8-16.2-37.9-18-5.1-1.9-8.8-2.8-12.5 2.8-3.7 5.6-14.3 18-17.6 21.8-3.2 3.7-6.5 4.2-12 1.4-32.6-16.3-54-29.1-75.5-66-5.7-9.8 5.7-9.1 16.3-30.3 1.8-3.7.9-6.9-.5-9.7-1.4-2.8-12.5-30.1-17.1-41.2-4.5-10.8-9.1-9.3-12.5-9.5-3.2-.2-6.9-.2-10.6-.2-3.7 0-9.7 1.4-14.8 6.9-5.1 5.6-19.4 19-19.4 46.3 0 27.3 19.9 53.7 22.6 57.4 2.8 3.7 39.1 59.7 94.8 83.8 35.2 15.2 49 16.5 66.6 13.9 10.7-1.6 32.8-13.4 37.4-26.4 4.6-13 4.6-24.1 3.2-26.4-1.3-2.5-5-3.9-10.5-6.6z\"><\/path><\/svg>\t\t\t<\/a>\n\t\t<\/div>\n\t\t\t\t\t\t<\/div>\n\t\t\t\t<\/div>\n\t\t\t\t<div class=\"elementor-element elementor-element-680f5fb elementor-widget elementor-widget-heading\" data-id=\"680f5fb\" data-element_type=\"widget\" data-widget_type=\"heading.default\">\n\t\t\t\t<div class=\"elementor-widget-container\">\n\t\t\t\t\t<h2 class=\"elementor-heading-title elementor-size-default\">Whatsapp<\/h2>\t\t\t\t<\/div>\n\t\t\t\t<\/div>\n\t\t\t\t<div class=\"elementor-element elementor-element-f522c21 elementor-widget elementor-widget-text-editor\" data-id=\"f522c21\" data-element_type=\"widget\" data-widget_type=\"text-editor.default\">\n\t\t\t\t<div class=\"elementor-widget-container\">\n\t\t\t\t\t\t\t\t\t<p>640 235 775<\/p>\t\t\t\t\t\t\t\t<\/div>\n\t\t\t\t<\/div>\n\t\t\t\t<\/div>\n\t\t<div class=\"elementor-element elementor-element-a1619fe e-con-full e-grid e-con e-child\" data-id=\"a1619fe\" data-element_type=\"container\">\n\t\t\t\t<div class=\"elementor-element elementor-element-3b0655e elementor-view-default elementor-widget elementor-widget-icon\" data-id=\"3b0655e\" data-element_type=\"widget\" data-widget_type=\"icon.default\">\n\t\t\t\t<div class=\"elementor-widget-container\">\n\t\t\t\t\t\t\t<div class=\"elementor-icon-wrapper\">\n\t\t\t<a class=\"elementor-icon elementor-animation-grow\" href=\"tel:955544719\">\n\t\t\t<svg aria-hidden=\"true\" class=\"e-font-icon-svg e-fas-phone-alt\" viewBox=\"0 0 512 512\" xmlns=\"http:\/\/www.w3.org\/2000\/svg\"><path d=\"M497.39 361.8l-112-48a24 24 0 0 0-28 6.9l-49.6 60.6A370.66 370.66 0 0 1 130.6 204.11l60.6-49.6a23.94 23.94 0 0 0 6.9-28l-48-112A24.16 24.16 0 0 0 122.6.61l-104 24A24 24 0 0 0 0 48c0 256.5 207.9 464 464 464a24 24 0 0 0 23.4-18.6l24-104a24.29 24.29 0 0 0-14.01-27.6z\"><\/path><\/svg>\t\t\t<\/a>\n\t\t<\/div>\n\t\t\t\t\t\t<\/div>\n\t\t\t\t<\/div>\n\t\t\t\t<div class=\"elementor-element elementor-element-a2394af elementor-widget elementor-widget-heading\" data-id=\"a2394af\" data-element_type=\"widget\" data-widget_type=\"heading.default\">\n\t\t\t\t<div class=\"elementor-widget-container\">\n\t\t\t\t\t<h2 class=\"elementor-heading-title elementor-size-default\">Tel\u00e9fono fijo<\/h2>\t\t\t\t<\/div>\n\t\t\t\t<\/div>\n\t\t\t\t<div class=\"elementor-element elementor-element-5aa9a05 elementor-widget elementor-widget-text-editor\" data-id=\"5aa9a05\" data-element_type=\"widget\" data-widget_type=\"text-editor.default\">\n\t\t\t\t<div class=\"elementor-widget-container\">\n\t\t\t\t\t\t\t\t\t<p>955 544 719<\/p>\t\t\t\t\t\t\t\t<\/div>\n\t\t\t\t<\/div>\n\t\t\t\t<\/div>\n\t\t<div class=\"elementor-element elementor-element-5873e9f e-con-full e-grid e-con e-child\" data-id=\"5873e9f\" data-element_type=\"container\">\n\t\t\t\t<div class=\"elementor-element elementor-element-9be593b elementor-view-default elementor-widget elementor-widget-icon\" data-id=\"9be593b\" data-element_type=\"widget\" data-widget_type=\"icon.default\">\n\t\t\t\t<div class=\"elementor-widget-container\">\n\t\t\t\t\t\t\t<div class=\"elementor-icon-wrapper\">\n\t\t\t<a class=\"elementor-icon elementor-animation-grow\" href=\"tel:640235775\">\n\t\t\t<svg aria-hidden=\"true\" class=\"e-font-icon-svg e-fas-mobile-alt\" viewBox=\"0 0 320 512\" xmlns=\"http:\/\/www.w3.org\/2000\/svg\"><path d=\"M272 0H48C21.5 0 0 21.5 0 48v416c0 26.5 21.5 48 48 48h224c26.5 0 48-21.5 48-48V48c0-26.5-21.5-48-48-48zM160 480c-17.7 0-32-14.3-32-32s14.3-32 32-32 32 14.3 32 32-14.3 32-32 32zm112-108c0 6.6-5.4 12-12 12H60c-6.6 0-12-5.4-12-12V60c0-6.6 5.4-12 12-12h200c6.6 0 12 5.4 12 12v312z\"><\/path><\/svg>\t\t\t<\/a>\n\t\t<\/div>\n\t\t\t\t\t\t<\/div>\n\t\t\t\t<\/div>\n\t\t\t\t<div class=\"elementor-element elementor-element-4175bbe elementor-widget elementor-widget-heading\" data-id=\"4175bbe\" data-element_type=\"widget\" data-widget_type=\"heading.default\">\n\t\t\t\t<div class=\"elementor-widget-container\">\n\t\t\t\t\t<h2 class=\"elementor-heading-title elementor-size-default\">Tel\u00e9fono m\u00f3vil<\/h2>\t\t\t\t<\/div>\n\t\t\t\t<\/div>\n\t\t\t\t<div class=\"elementor-element elementor-element-cb646df elementor-widget elementor-widget-text-editor\" data-id=\"cb646df\" data-element_type=\"widget\" data-widget_type=\"text-editor.default\">\n\t\t\t\t<div class=\"elementor-widget-container\">\n\t\t\t\t\t\t\t\t\t<p>640235775<\/p>\t\t\t\t\t\t\t\t<\/div>\n\t\t\t\t<\/div>\n\t\t\t\t<\/div>\n\t\t<div class=\"elementor-element elementor-element-d96051b e-con-full e-grid e-con e-child\" data-id=\"d96051b\" data-element_type=\"container\">\n\t\t\t\t<div class=\"elementor-element elementor-element-cf0dfe9 elementor-view-default elementor-widget elementor-widget-icon\" data-id=\"cf0dfe9\" data-element_type=\"widget\" data-widget_type=\"icon.default\">\n\t\t\t\t<div class=\"elementor-widget-container\">\n\t\t\t\t\t\t\t<div class=\"elementor-icon-wrapper\">\n\t\t\t<a class=\"elementor-icon elementor-animation-grow\" href=\"mailto:info@lglabogados.com\">\n\t\t\t<i aria-hidden=\"true\" class=\"icon icon-email\"><\/i>\t\t\t<\/a>\n\t\t<\/div>\n\t\t\t\t\t\t<\/div>\n\t\t\t\t<\/div>\n\t\t\t\t<div class=\"elementor-element elementor-element-da89bcd elementor-widget elementor-widget-heading\" data-id=\"da89bcd\" data-element_type=\"widget\" data-widget_type=\"heading.default\">\n\t\t\t\t<div class=\"elementor-widget-container\">\n\t\t\t\t\t<h2 class=\"elementor-heading-title elementor-size-default\">E-mail<\/h2>\t\t\t\t<\/div>\n\t\t\t\t<\/div>\n\t\t\t\t<div class=\"elementor-element elementor-element-3caf101 elementor-widget elementor-widget-text-editor\" data-id=\"3caf101\" data-element_type=\"widget\" data-widget_type=\"text-editor.default\">\n\t\t\t\t<div class=\"elementor-widget-container\">\n\t\t\t\t\t\t\t\t\t<p>info@lglabogados.com<\/p>\t\t\t\t\t\t\t\t<\/div>\n\t\t\t\t<\/div>\n\t\t\t\t<\/div>\n\t\t\t\t\t<\/div>\n\t\t\t\t<\/div>\n\t\t<div class=\"elementor-element elementor-element-a059040 e-grid e-con-boxed e-con e-parent\" data-id=\"a059040\" data-element_type=\"container\">\n\t\t\t\t\t<div class=\"e-con-inner\">\n\t\t\t\t<div class=\"elementor-element elementor-element-769084e elementor-widget elementor-widget-image\" data-id=\"769084e\" data-element_type=\"widget\" data-widget_type=\"image.default\">\n\t\t\t\t<div class=\"elementor-widget-container\">\n\t\t\t\t\t\t\t\t\t\t\t\t\t\t\t<img fetchpriority=\"high\" decoding=\"async\" width=\"1024\" height=\"683\" src=\"https:\/\/lglabogados.com\/wp-content\/uploads\/2025\/06\/pexels-kindelmedia-7979432-1024x683.jpg\" class=\"attachment-large size-large wp-image-79\" alt=\"\" srcset=\"https:\/\/lglabogados.com\/wp-content\/uploads\/2025\/06\/pexels-kindelmedia-7979432-1024x683.jpg 1024w, https:\/\/lglabogados.com\/wp-content\/uploads\/2025\/06\/pexels-kindelmedia-7979432-300x200.jpg 300w, https:\/\/lglabogados.com\/wp-content\/uploads\/2025\/06\/pexels-kindelmedia-7979432-768x512.jpg 768w, https:\/\/lglabogados.com\/wp-content\/uploads\/2025\/06\/pexels-kindelmedia-7979432-1536x1024.jpg 1536w, https:\/\/lglabogados.com\/wp-content\/uploads\/2025\/06\/pexels-kindelmedia-7979432-2048x1365.jpg 2048w\" sizes=\"(max-width: 1024px) 100vw, 1024px\" \/>\t\t\t\t\t\t\t\t\t\t\t\t\t\t\t<\/div>\n\t\t\t\t<\/div>\n\t\t<div class=\"elementor-element elementor-element-6ed7b88 e-con-full e-flex e-con e-child\" data-id=\"6ed7b88\" data-element_type=\"container\">\n\t\t\t\t<div class=\"elementor-element elementor-element-5295654 elementor-widget elementor-widget-heading\" data-id=\"5295654\" data-element_type=\"widget\" data-widget_type=\"heading.default\">\n\t\t\t\t<div class=\"elementor-widget-container\">\n\t\t\t\t\t<h2 class=\"elementor-heading-title elementor-size-default\">Direcci\u00f3n del despacho<\/h2>\t\t\t\t<\/div>\n\t\t\t\t<\/div>\n\t\t\t\t<div class=\"elementor-element elementor-element-38ece5f elementor-widget elementor-widget-text-editor\" data-id=\"38ece5f\" data-element_type=\"widget\" data-widget_type=\"text-editor.default\">\n\t\t\t\t<div class=\"elementor-widget-container\">\n\t\t\t\t\t\t\t\t\t<p>Av. Alcalde Luis Uru\u00f1uela 6, Edificio Congresos<\/p><p>Oficina 105 (Frente Palacio de Congresos)<\/p><p><img decoding=\"async\" src=\"http:\/\/www.lglabogados.com\/images\/lglabogados\/contacto-vacio.png\" alt=\"\" \/>41020 Sevilla<\/p>\t\t\t\t\t\t\t\t<\/div>\n\t\t\t\t<\/div>\n\t\t\t\t<\/div>\n\t\t\t\t\t<\/div>\n\t\t\t\t<\/div>\n\t\t\t\t<\/div>\n\t\t","protected":false},"excerpt":{"rendered":"<p>Contacto Whatsapp 640 235 775 Tel\u00e9fono fijo 955 544 719 Tel\u00e9fono m\u00f3vil 640235775 E-mail info@lglabogados.com Direcci\u00f3n del despacho Av. Alcalde Luis Uru\u00f1uela 6, Edificio Congresos Oficina 105 (Frente Palacio de Congresos) 41020 Sevilla<\/p>\n","protected":false},"author":1,"featured_media":0,"parent":0,"menu_order":0,"comment_status":"closed","ping_status":"closed","template":"","meta":{"ocean_post_layout":"full-screen","ocean_both_sidebars_style":"","ocean_both_sidebars_content_width":0,"ocean_both_sidebars_sidebars_width":0,"ocean_sidebar":"","ocean_second_sidebar":"","ocean_disable_margins":"on","ocean_add_body_class":"","ocean_shortcode_before_top_bar":"","ocean_shortcode_after_top_bar":"","ocean_shortcode_before_header":"","ocean_shortcode_after_header":"","ocean_has_shortcode":"","ocean_shortcode_after_title":"","ocean_shortcode_before_footer_widgets":"","ocean_shortcode_after_footer_widgets":"","ocean_shortcode_before_footer_bottom":"","ocean_shortcode_after_footer_bottom":"","ocean_display_top_bar":"default","ocean_display_header":"default","ocean_header_style":"","ocean_center_header_left_menu":"","ocean_custom_header_template":"","ocean_custom_logo":0,"ocean_custom_retina_logo":0,"ocean_custom_logo_max_width":0,"ocean_custom_logo_tablet_max_width":0,"ocean_custom_logo_mobile_max_width":0,"ocean_custom_logo_max_height":0,"ocean_custom_logo_tablet_max_height":0,"ocean_custom_logo_mobile_max_height":0,"ocean_header_custom_menu":"","ocean_menu_typo_font_family":"","ocean_menu_typo_font_subset":"","ocean_menu_typo_font_size":0,"ocean_menu_typo_font_size_tablet":0,"ocean_menu_typo_font_size_mobile":0,"ocean_menu_typo_font_size_unit":"px","ocean_menu_typo_font_weight":"","ocean_menu_typo_font_weight_tablet":"","ocean_menu_typo_font_weight_mobile":"","ocean_menu_typo_transform":"","ocean_menu_typo_transform_tablet":"","ocean_menu_typo_transform_mobile":"","ocean_menu_typo_line_height":0,"ocean_menu_typo_line_height_tablet":0,"ocean_menu_typo_line_height_mobile":0,"ocean_menu_typo_line_height_unit":"","ocean_menu_typo_spacing":0,"ocean_menu_typo_spacing_tablet":0,"ocean_menu_typo_spacing_mobile":0,"ocean_menu_typo_spacing_unit":"","ocean_menu_link_color":"","ocean_menu_link_color_hover":"","ocean_menu_link_color_active":"","ocean_menu_link_background":"","ocean_menu_link_hover_background":"","ocean_menu_link_active_background":"","ocean_menu_social_links_bg":"","ocean_menu_social_hover_links_bg":"","ocean_menu_social_links_color":"","ocean_menu_social_hover_links_color":"","ocean_disable_title":"default","ocean_disable_heading":"default","ocean_post_title":"","ocean_post_subheading":"","ocean_post_title_style":"","ocean_post_title_background_color":"","ocean_post_title_background":0,"ocean_post_title_bg_image_position":"","ocean_post_title_bg_image_attachment":"","ocean_post_title_bg_image_repeat":"","ocean_post_title_bg_image_size":"","ocean_post_title_height":0,"ocean_post_title_bg_overlay":0.5,"ocean_post_title_bg_overlay_color":"","ocean_disable_breadcrumbs":"default","ocean_breadcrumbs_color":"","ocean_breadcrumbs_separator_color":"","ocean_breadcrumbs_links_color":"","ocean_breadcrumbs_links_hover_color":"","ocean_display_footer_widgets":"default","ocean_display_footer_bottom":"default","ocean_custom_footer_template":"","footnotes":""},"class_list":["post-34","page","type-page","status-publish","hentry","entry"],"yoast_head":"<!-- This site is optimized with the Yoast SEO plugin v25.3 - https:\/\/yoast.com\/wordpress\/plugins\/seo\/ -->\n<title>Contacto - LGL Abogados \u00b7 Asesores<\/title>\n<meta name=\"robots\" content=\"index, follow, max-snippet:-1, max-image-preview:large, max-video-preview:-1\" \/>\n<link rel=\"canonical\" href=\"https:\/\/lglabogados.com\/index.php\/contacto\/\" \/>\n<meta property=\"og:locale\" content=\"es_ES\" \/>\n<meta property=\"og:type\" content=\"article\" \/>\n<meta property=\"og:title\" content=\"Contacto - LGL Abogados \u00b7 Asesores\" \/>\n<meta property=\"og:description\" content=\"Contacto Whatsapp 640 235 775 Tel\u00e9fono fijo 955 544 719 Tel\u00e9fono m\u00f3vil 640235775 E-mail info@lglabogados.com Direcci\u00f3n del despacho Av. Alcalde Luis Uru\u00f1uela 6, Edificio Congresos Oficina 105 (Frente Palacio de Congresos) 41020 Sevilla\" \/>\n<meta property=\"og:url\" content=\"https:\/\/lglabogados.com\/index.php\/contacto\/\" \/>\n<meta property=\"og:site_name\" content=\"LGL Abogados \u00b7 Asesores\" \/>\n<meta property=\"article:publisher\" content=\"https:\/\/www.facebook.com\/LGL-Abogados-Asesores\" \/>\n<meta property=\"article:modified_time\" content=\"2025-08-07T08:46:01+00:00\" \/>\n<meta property=\"og:image\" content=\"https:\/\/lglabogados.com\/wp-content\/uploads\/2025\/06\/pexels-kindelmedia-7979432-scaled.jpg\" \/>\n\t<meta property=\"og:image:width\" content=\"2560\" \/>\n\t<meta property=\"og:image:height\" content=\"1707\" \/>\n\t<meta property=\"og:image:type\" content=\"image\/jpeg\" \/>\n<meta name=\"twitter:card\" content=\"summary_large_image\" \/>\n<meta name=\"twitter:site\" content=\"@lgl_abogados\" \/>\n<meta name=\"twitter:label1\" content=\"Tiempo de lectura\" \/>\n\t<meta name=\"twitter:data1\" content=\"1 minuto\" \/>\n<script type=\"application\/ld+json\" class=\"yoast-schema-graph\">{\"@context\":\"https:\/\/schema.org\",\"@graph\":[{\"@type\":\"WebPage\",\"@id\":\"https:\/\/lglabogados.com\/index.php\/contacto\/\",\"url\":\"https:\/\/lglabogados.com\/index.php\/contacto\/\",\"name\":\"Contacto - LGL Abogados \u00b7 Asesores\",\"isPartOf\":{\"@id\":\"https:\/\/lglabogados.com\/#website\"},\"primaryImageOfPage\":{\"@id\":\"https:\/\/lglabogados.com\/index.php\/contacto\/#primaryimage\"},\"image\":{\"@id\":\"https:\/\/lglabogados.com\/index.php\/contacto\/#primaryimage\"},\"thumbnailUrl\":\"https:\/\/lglabogados.com\/wp-content\/uploads\/2025\/06\/pexels-kindelmedia-7979432-1024x683.jpg\",\"datePublished\":\"2025-05-21T15:02:27+00:00\",\"dateModified\":\"2025-08-07T08:46:01+00:00\",\"breadcrumb\":{\"@id\":\"https:\/\/lglabogados.com\/index.php\/contacto\/#breadcrumb\"},\"inLanguage\":\"es\",\"potentialAction\":[{\"@type\":\"ReadAction\",\"target\":[\"https:\/\/lglabogados.com\/index.php\/contacto\/\"]}]},{\"@type\":\"ImageObject\",\"inLanguage\":\"es\",\"@id\":\"https:\/\/lglabogados.com\/index.php\/contacto\/#primaryimage\",\"url\":\"https:\/\/lglabogados.com\/wp-content\/uploads\/2025\/06\/pexels-kindelmedia-7979432-scaled.jpg\",\"contentUrl\":\"https:\/\/lglabogados.com\/wp-content\/uploads\/2025\/06\/pexels-kindelmedia-7979432-scaled.jpg\",\"width\":2560,\"height\":1707},{\"@type\":\"BreadcrumbList\",\"@id\":\"https:\/\/lglabogados.com\/index.php\/contacto\/#breadcrumb\",\"itemListElement\":[{\"@type\":\"ListItem\",\"position\":1,\"name\":\"Portada\",\"item\":\"https:\/\/lglabogados.com\/\"},{\"@type\":\"ListItem\",\"position\":2,\"name\":\"Contacto\"}]},{\"@type\":\"WebSite\",\"@id\":\"https:\/\/lglabogados.com\/#website\",\"url\":\"https:\/\/lglabogados.com\/\",\"name\":\"LGL Abogados \u00b7 Asesores\",\"description\":\"\",\"publisher\":{\"@id\":\"https:\/\/lglabogados.com\/#organization\"},\"potentialAction\":[{\"@type\":\"SearchAction\",\"target\":{\"@type\":\"EntryPoint\",\"urlTemplate\":\"https:\/\/lglabogados.com\/?s={search_term_string}\"},\"query-input\":{\"@type\":\"PropertyValueSpecification\",\"valueRequired\":true,\"valueName\":\"search_term_string\"}}],\"inLanguage\":\"es\"},{\"@type\":\"Organization\",\"@id\":\"https:\/\/lglabogados.com\/#organization\",\"name\":\"LGL Abogados \u00b7 Asesores\",\"url\":\"https:\/\/lglabogados.com\/\",\"logo\":{\"@type\":\"ImageObject\",\"inLanguage\":\"es\",\"@id\":\"https:\/\/lglabogados.com\/#\/schema\/logo\/image\/\",\"url\":\"https:\/\/lglabogados.com\/wp-content\/uploads\/2025\/06\/cropped-LGLnew_sinfondo-scaled.png\",\"contentUrl\":\"https:\/\/lglabogados.com\/wp-content\/uploads\/2025\/06\/cropped-LGLnew_sinfondo-scaled.png\",\"width\":2560,\"height\":851,\"caption\":\"LGL Abogados \u00b7 Asesores\"},\"image\":{\"@id\":\"https:\/\/lglabogados.com\/#\/schema\/logo\/image\/\"},\"sameAs\":[\"https:\/\/www.facebook.com\/LGL-Abogados-Asesores\",\"https:\/\/x.com\/lgl_abogados\",\"https:\/\/es.linkedin.com\/company\/lgl-abogados-y-asesores\"]}]}<\/script>\n<!-- \/ Yoast SEO plugin. -->","yoast_head_json":{"title":"Contacto - LGL Abogados \u00b7 Asesores","robots":{"index":"index","follow":"follow","max-snippet":"max-snippet:-1","max-image-preview":"max-image-preview:large","max-video-preview":"max-video-preview:-1"},"canonical":"https:\/\/lglabogados.com\/index.php\/contacto\/","og_locale":"es_ES","og_type":"article","og_title":"Contacto - LGL Abogados \u00b7 Asesores","og_description":"Contacto Whatsapp 640 235 775 Tel\u00e9fono fijo 955 544 719 Tel\u00e9fono m\u00f3vil 640235775 E-mail info@lglabogados.com Direcci\u00f3n del despacho Av. Alcalde Luis Uru\u00f1uela 6, Edificio Congresos Oficina 105 (Frente Palacio de Congresos) 41020 Sevilla","og_url":"https:\/\/lglabogados.com\/index.php\/contacto\/","og_site_name":"LGL Abogados \u00b7 Asesores","article_publisher":"https:\/\/www.facebook.com\/LGL-Abogados-Asesores","article_modified_time":"2025-08-07T08:46:01+00:00","og_image":[{"width":2560,"height":1707,"url":"https:\/\/lglabogados.com\/wp-content\/uploads\/2025\/06\/pexels-kindelmedia-7979432-scaled.jpg","type":"image\/jpeg"}],"twitter_card":"summary_large_image","twitter_site":"@lgl_abogados","twitter_misc":{"Tiempo de lectura":"1 minuto"},"schema":{"@context":"https:\/\/schema.org","@graph":[{"@type":"WebPage","@id":"https:\/\/lglabogados.com\/index.php\/contacto\/","url":"https:\/\/lglabogados.com\/index.php\/contacto\/","name":"Contacto - LGL Abogados \u00b7 Asesores","isPartOf":{"@id":"https:\/\/lglabogados.com\/#website"},"primaryImageOfPage":{"@id":"https:\/\/lglabogados.com\/index.php\/contacto\/#primaryimage"},"image":{"@id":"https:\/\/lglabogados.com\/index.php\/contacto\/#primaryimage"},"thumbnailUrl":"https:\/\/lglabogados.com\/wp-content\/uploads\/2025\/06\/pexels-kindelmedia-7979432-1024x683.jpg","datePublished":"2025-05-21T15:02:27+00:00","dateModified":"2025-08-07T08:46:01+00:00","breadcrumb":{"@id":"https:\/\/lglabogados.com\/index.php\/contacto\/#breadcrumb"},"inLanguage":"es","potentialAction":[{"@type":"ReadAction","target":["https:\/\/lglabogados.com\/index.php\/contacto\/"]}]},{"@type":"ImageObject","inLanguage":"es","@id":"https:\/\/lglabogados.com\/index.php\/contacto\/#primaryimage","url":"https:\/\/lglabogados.com\/wp-content\/uploads\/2025\/06\/pexels-kindelmedia-7979432-scaled.jpg","contentUrl":"https:\/\/lglabogados.com\/wp-content\/uploads\/2025\/06\/pexels-kindelmedia-7979432-scaled.jpg","width":2560,"height":1707},{"@type":"BreadcrumbList","@id":"https:\/\/lglabogados.com\/index.php\/contacto\/#breadcrumb","itemListElement":[{"@type":"ListItem","position":1,"name":"Portada","item":"https:\/\/lglabogados.com\/"},{"@type":"ListItem","position":2,"name":"Contacto"}]},{"@type":"WebSite","@id":"https:\/\/lglabogados.com\/#website","url":"https:\/\/lglabogados.com\/","name":"LGL Abogados \u00b7 Asesores","description":"","publisher":{"@id":"https:\/\/lglabogados.com\/#organization"},"potentialAction":[{"@type":"SearchAction","target":{"@type":"EntryPoint","urlTemplate":"https:\/\/lglabogados.com\/?s={search_term_string}"},"query-input":{"@type":"PropertyValueSpecification","valueRequired":true,"valueName":"search_term_string"}}],"inLanguage":"es"},{"@type":"Organization","@id":"https:\/\/lglabogados.com\/#organization","name":"LGL Abogados \u00b7 Asesores","url":"https:\/\/lglabogados.com\/","logo":{"@type":"ImageObject","inLanguage":"es","@id":"https:\/\/lglabogados.com\/#\/schema\/logo\/image\/","url":"https:\/\/lglabogados.com\/wp-content\/uploads\/2025\/06\/cropped-LGLnew_sinfondo-scaled.png","contentUrl":"https:\/\/lglabogados.com\/wp-content\/uploads\/2025\/06\/cropped-LGLnew_sinfondo-scaled.png","width":2560,"height":851,"caption":"LGL Abogados \u00b7 Asesores"},"image":{"@id":"https:\/\/lglabogados.com\/#\/schema\/logo\/image\/"},"sameAs":["https:\/\/www.facebook.com\/LGL-Abogados-Asesores","https:\/\/x.com\/lgl_abogados","https:\/\/es.linkedin.com\/company\/lgl-abogados-y-asesores"]}]}},"_links":{"self":[{"href":"https:\/\/lglabogados.com\/index.php\/wp-json\/wp\/v2\/pages\/34","targetHints":{"allow":["GET"]}}],"collection":[{"href":"https:\/\/lglabogados.com\/index.php\/wp-json\/wp\/v2\/pages"}],"about":[{"href":"https:\/\/lglabogados.com\/index.php\/wp-json\/wp\/v2\/types\/page"}],"author":[{"embeddable":true,"href":"https:\/\/lglabogados.com\/index.php\/wp-json\/wp\/v2\/users\/1"}],"replies":[{"embeddable":true,"href":"https:\/\/lglabogados.com\/index.php\/wp-json\/wp\/v2\/comments?post=34"}],"version-history":[{"count":40,"href":"https:\/\/lglabogados.com\/index.php\/wp-json\/wp\/v2\/pages\/34\/revisions"}],"predecessor-version":[{"id":244,"href":"https:\/\/lglabogados.com\/index.php\/wp-json\/wp\/v2\/pages\/34\/revisions\/244"}],"wp:attachment":[{"href":"https:\/\/lglabogados.com\/index.php\/wp-json\/wp\/v2\/media?parent=34"}],"curies":[{"name":"wp","href":"https:\/\/api.w.org\/{rel}","templated":true}]}}